{"id":5829,"date":"2024-12-17T08:52:01","date_gmt":"2024-12-17T08:52:01","guid":{"rendered":"https:\/\/bluepacific.com.vn\/?post_type=product&#038;p=5829"},"modified":"2024-12-17T08:52:43","modified_gmt":"2024-12-17T08:52:43","slug":"thung-carton-trong-van-chuyen-logistic","status":"publish","type":"product","link":"https:\/\/bluepacific.com.vn\/en\/product\/thung-carton-trong-van-chuyen-logistic\/","title":{"rendered":"Carton boxes in logistic transportation"},"content":{"rendered":"<p>Cartons in logistics transportation are packaging materials that protect goods, help control and maintain safety during transportation, and are widely used in logistics transportation, including:<\/p>\n<p>- Transporting parcels: Packing and transporting parcels, letters, and documents.<\/p>\n<p>- Transporting retail goods: Packing and transporting retail items such as clothing, shoes, household appliances, etc.<\/p>\n<p>- Transporting fragile goods: Packing and shipping glass, ceramics, jewelry, etc.<\/p>\n<p>- Transporting import and export goods: Pack and transport import and export goods according to international standards.<\/p>\n<p>&#8211; V\u1eadn chuy\u1ec3n h\u00e0ng h\u00f3a xu\u1ea5t nh\u1eadp kh\u1ea9u:\u00a0\u0110\u00f3ng g\u00f3i v\u00e0 v\u1eadn chuy\u1ec3n h\u00e0ng h\u00f3a xu\u1ea5t nh\u1eadp kh\u1ea9u theo ti\u00eau chu\u1ea9n qu\u1ed1c t\u1ebf.<\/p>","protected":false},"excerpt":{"rendered":"<p>Th\u00f9ng carton trong v\u1eadn chuy\u1ec3n logistics l\u00e0 v\u1eadt li\u1ec7u \u0111\u00f3ng g\u00f3i, b\u1ea3o v\u1ec7 h\u00e0ng h\u00f3a, gi\u00fap ki\u1ec3m so\u00e1t v\u00e0 duy tr\u00ec an to\u00e0n trong qu\u00e1 tr\u00ecnh v\u1eadn chuy\u1ec3n, \u0111\u01b0\u1ee3c s\u1eed d\u1ee5ng r\u1ed9ng r\u00e3i trong v\u1eadn chuy\u1ec3n logistics, bao g\u1ed3m: &#8211; V\u1eadn chuy\u1ec3n h\u00e0ng h\u00f3a b\u01b0u ki\u1ec7n:\u00a0\u0110\u00f3ng g\u00f3i v\u00e0 v\u1eadn chuy\u1ec3n b\u01b0u ki\u1ec7n, th\u01b0 t\u1eeb, t\u00e0i [&hellip;]<\/p>","protected":false},"featured_media":5830,"comment_status":"open","ping_status":"closed","template":"","meta":[],"product_cat":[97],"product_tag":[],"class_list":{"0":"post-5829","1":"product","2":"type-product","3":"status-publish","4":"has-post-thumbnail","6":"product_cat-thung-carton-3-5-7-lop","8":"first","9":"instock","10":"shipping-taxable","11":"product-type-simple"},"_links":{"self":[{"href":"https:\/\/bluepacific.com.vn\/en\/wp-json\/wp\/v2\/product\/5829","targetHints":{"allow":["GET"]}}],"collection":[{"href":"https:\/\/bluepacific.com.vn\/en\/wp-json\/wp\/v2\/product"}],"about":[{"href":"https:\/\/bluepacific.com.vn\/en\/wp-json\/wp\/v2\/types\/product"}],"replies":[{"embeddable":true,"href":"https:\/\/bluepacific.com.vn\/en\/wp-json\/wp\/v2\/comments?post=5829"}],"wp:featuredmedia":[{"embeddable":true,"href":"https:\/\/bluepacific.com.vn\/en\/wp-json\/wp\/v2\/media\/5830"}],"wp:attachment":[{"href":"https:\/\/bluepacific.com.vn\/en\/wp-json\/wp\/v2\/media?parent=5829"}],"wp:term":[{"taxonomy":"product_cat","embeddable":true,"href":"https:\/\/bluepacific.com.vn\/en\/wp-json\/wp\/v2\/product_cat?post=5829"},{"taxonomy":"product_tag","embeddable":true,"href":"https:\/\/bluepacific.com.vn\/en\/wp-json\/wp\/v2\/product_tag?post=5829"}],"curies":[{"name":"wp","href":"https:\/\/api.w.org\/{rel}","templated":true}]}}