{"id":5831,"date":"2024-12-17T08:52:51","date_gmt":"2024-12-17T08:52:51","guid":{"rendered":"https:\/\/bluepacific.com.vn\/?post_type=product&#038;p=5831"},"modified":"2024-12-17T08:55:26","modified_gmt":"2024-12-17T08:55:26","slug":"thung-carton-trong-san-xuat-cong-nghiep","status":"publish","type":"product","link":"https:\/\/bluepacific.com.vn\/en\/product\/thung-carton-trong-san-xuat-cong-nghiep\/","title":{"rendered":"Carton boxes in industrial production"},"content":{"rendered":"<p>Carton boxes in industrial production are packaging materials, preserving products, ensuring safety and saving costs during the production process, and are widely used in many different industries, including:<\/p>\n<p>- Food and beverages: Packaging of fruits, vegetables, soft drinks, beer, wine, etc.<\/p>\n<p>- Electronics: Packaging computers, phones, electronic components, etc.<\/p>\n<p>- Production: Packaging components, finished products, etc.<\/p>","protected":false},"excerpt":{"rendered":"<p>Th\u00f9ng carton trong s\u1ea3n xu\u1ea5t c\u00f4ng nghi\u1ec7p l\u00e0 v\u1eadt li\u1ec7u \u0111\u00f3ng g\u00f3i, b\u1ea3o qu\u1ea3n s\u1ea3n ph\u1ea9m, \u0111\u1ea3m b\u1ea3o an to\u00e0n v\u00e0 ti\u1ebft ki\u1ec7m chi ph\u00ed trong qu\u00e1 tr\u00ecnh s\u1ea3n xu\u1ea5t, \u0111\u01b0\u1ee3c s\u1eed d\u1ee5ng r\u1ed9ng r\u00e3i trong nhi\u1ec1u ng\u00e0nh c\u00f4ng nghi\u1ec7p kh\u00e1c nhau, bao g\u1ed3m: &#8211; Th\u1ef1c ph\u1ea9m v\u00e0 \u0111\u1ed3 u\u1ed1ng:\u00a0\u0110\u00f3ng g\u00f3i tr\u00e1i c\u00e2y, rau c\u1ee7, [&hellip;]<\/p>","protected":false},"featured_media":5835,"comment_status":"open","ping_status":"closed","template":"","meta":[],"product_cat":[97],"product_tag":[],"class_list":{"0":"post-5831","1":"product","2":"type-product","3":"status-publish","4":"has-post-thumbnail","6":"product_cat-thung-carton-3-5-7-lop","8":"first","9":"instock","10":"shipping-taxable","11":"product-type-simple"},"_links":{"self":[{"href":"https:\/\/bluepacific.com.vn\/en\/wp-json\/wp\/v2\/product\/5831","targetHints":{"allow":["GET"]}}],"collection":[{"href":"https:\/\/bluepacific.com.vn\/en\/wp-json\/wp\/v2\/product"}],"about":[{"href":"https:\/\/bluepacific.com.vn\/en\/wp-json\/wp\/v2\/types\/product"}],"replies":[{"embeddable":true,"href":"https:\/\/bluepacific.com.vn\/en\/wp-json\/wp\/v2\/comments?post=5831"}],"wp:featuredmedia":[{"embeddable":true,"href":"https:\/\/bluepacific.com.vn\/en\/wp-json\/wp\/v2\/media\/5835"}],"wp:attachment":[{"href":"https:\/\/bluepacific.com.vn\/en\/wp-json\/wp\/v2\/media?parent=5831"}],"wp:term":[{"taxonomy":"product_cat","embeddable":true,"href":"https:\/\/bluepacific.com.vn\/en\/wp-json\/wp\/v2\/product_cat?post=5831"},{"taxonomy":"product_tag","embeddable":true,"href":"https:\/\/bluepacific.com.vn\/en\/wp-json\/wp\/v2\/product_tag?post=5831"}],"curies":[{"name":"wp","href":"https:\/\/api.w.org\/{rel}","templated":true}]}}