{"id":5836,"date":"2024-12-17T08:56:16","date_gmt":"2024-12-17T08:56:16","guid":{"rendered":"https:\/\/bluepacific.com.vn\/?post_type=product&#038;p=5836"},"modified":"2024-12-17T09:04:51","modified_gmt":"2024-12-17T09:04:51","slug":"thung-carton-cho-nganh-nong-nghiep","status":"publish","type":"product","link":"https:\/\/bluepacific.com.vn\/en\/product\/thung-carton-cho-nganh-nong-nghiep\/","title":{"rendered":"Carton boxes for the agricultural industry"},"content":{"rendered":"<p>Th\u00f9ng carton cho ng\u00e0nh n\u00f4ng nghi\u1ec7p d\u00f9ng \u0111\u1ef1ng v\u00e0 b\u1ea3o qu\u1ea3n c\u00e1c s\u1ea3n ph\u1ea9m n\u00f4ng nghi\u1ec7p nh\u01b0 rau c\u1ee7, tr\u00e1i c\u00e2y. Ch\u00fang gi\u00fap b\u1ea3o qu\u1ea3n v\u00e0 b\u1ea3o v\u1ec7 s\u1ea3n ph\u1ea9m n\u00f4ng nghi\u1ec7p kh\u1ecfi h\u01b0 h\u1ea1i trong qu\u00e1 tr\u00ecnh v\u1eadn chuy\u1ec3n v\u00e0 l\u01b0u tr\u1eef, \u0111\u01b0\u1ee3c \u0111\u00f3ng g\u00f3i r\u1ed9ng r\u00e3i nh\u01b0:<\/p>\n<p>&#8211; \u0110\u00f3ng g\u00f3i tr\u00e1i c\u00e2y, rau c\u1ee7:\u00a0gi\u00fap b\u1ea3o qu\u1ea3n s\u1ea3n ph\u1ea9m t\u01b0\u01a1i ngon trong qu\u00e1 tr\u00ecnh v\u1eadn chuy\u1ec3n.<\/p>\n<p>&#8211; \u0110\u00f3ng g\u00f3i n\u00f4ng s\u1ea3n ch\u1ebf bi\u1ebfn: nh\u01b0 tr\u00e1i c\u00e2y s\u1ea5y kh\u00f4, rau c\u1ee7 \u0111\u00f3ng h\u1ed9p, \u0111\u1ea3m b\u1ea3o s\u1ea3n ph\u1ea9m kh\u00f4ng b\u1ecb \u1ea9m m\u1ed1c, bi\u1ebfn ch\u1ea5t.<\/p>\n<p>&#8211; \u0110\u00f3ng g\u00f3i ph\u00e2n b\u00f3n, h\u1ea1t gi\u1ed1ng:\u00a0tr\u00e1nh r\u00f2 r\u1ec9 v\u00e0 \u0111\u1ea3m b\u1ea3o v\u1ec7 sinh trong qu\u00e1 tr\u00ecnh v\u1eadn chuy\u1ec3n.<\/p>","protected":false},"excerpt":{"rendered":"<p>Th\u00f9ng carton cho ng\u00e0nh n\u00f4ng nghi\u1ec7p d\u00f9ng \u0111\u1ef1ng v\u00e0 b\u1ea3o qu\u1ea3n c\u00e1c s\u1ea3n ph\u1ea9m n\u00f4ng nghi\u1ec7p nh\u01b0 rau c\u1ee7, tr\u00e1i c\u00e2y. Ch\u00fang gi\u00fap b\u1ea3o qu\u1ea3n v\u00e0 b\u1ea3o v\u1ec7 s\u1ea3n ph\u1ea9m n\u00f4ng nghi\u1ec7p kh\u1ecfi h\u01b0 h\u1ea1i trong qu\u00e1 tr\u00ecnh v\u1eadn chuy\u1ec3n v\u00e0 l\u01b0u tr\u1eef, \u0111\u01b0\u1ee3c \u0111\u00f3ng g\u00f3i r\u1ed9ng r\u00e3i nh\u01b0: &#8211; \u0110\u00f3ng g\u00f3i tr\u00e1i c\u00e2y, rau [&hellip;]<\/p>","protected":false},"featured_media":5834,"comment_status":"open","ping_status":"closed","template":"","meta":[],"product_cat":[97],"product_tag":[],"class_list":{"0":"post-5836","1":"product","2":"type-product","3":"status-publish","4":"has-post-thumbnail","6":"product_cat-thung-carton-3-5-7-lop","8":"first","9":"instock","10":"shipping-taxable","11":"product-type-simple"},"_links":{"self":[{"href":"https:\/\/bluepacific.com.vn\/en\/wp-json\/wp\/v2\/product\/5836","targetHints":{"allow":["GET"]}}],"collection":[{"href":"https:\/\/bluepacific.com.vn\/en\/wp-json\/wp\/v2\/product"}],"about":[{"href":"https:\/\/bluepacific.com.vn\/en\/wp-json\/wp\/v2\/types\/product"}],"replies":[{"embeddable":true,"href":"https:\/\/bluepacific.com.vn\/en\/wp-json\/wp\/v2\/comments?post=5836"}],"wp:featuredmedia":[{"embeddable":true,"href":"https:\/\/bluepacific.com.vn\/en\/wp-json\/wp\/v2\/media\/5834"}],"wp:attachment":[{"href":"https:\/\/bluepacific.com.vn\/en\/wp-json\/wp\/v2\/media?parent=5836"}],"wp:term":[{"taxonomy":"product_cat","embeddable":true,"href":"https:\/\/bluepacific.com.vn\/en\/wp-json\/wp\/v2\/product_cat?post=5836"},{"taxonomy":"product_tag","embeddable":true,"href":"https:\/\/bluepacific.com.vn\/en\/wp-json\/wp\/v2\/product_tag?post=5836"}],"curies":[{"name":"wp","href":"https:\/\/api.w.org\/{rel}","templated":true}]}}