{"id":5837,"date":"2024-12-17T08:56:55","date_gmt":"2024-12-17T08:56:55","guid":{"rendered":"https:\/\/bluepacific.com.vn\/?post_type=product&#038;p=5837"},"modified":"2024-12-17T09:04:42","modified_gmt":"2024-12-17T09:04:42","slug":"thung-carton-cho-nganh-xuat-nhap-khau","status":"publish","type":"product","link":"https:\/\/bluepacific.com.vn\/en\/product\/thung-carton-cho-nganh-xuat-nhap-khau\/","title":{"rendered":"Carton boxes for the import and export industry"},"content":{"rendered":"<p>Carton boxes for the import-export industry are used to store toys and electronic products. They help protect goods from damage and ensure safety during cross-border transportation, widely packaged as:<\/p>\n<p>- Packaging export goods: Used to package export products such as electronics, household appliances, food, and handicrafts.<\/p>\n<p>- Packaging imported goods: Used to package products imported from abroad.<\/p>\n<p>- Preserving goods during transportation: Helps protect goods during transportation by different means such as containers, ships, and airplanes.<\/p>","protected":false},"excerpt":{"rendered":"<p>Th\u00f9ng carton cho ng\u00e0nh xu\u1ea5t nh\u1eadp kh\u1ea9u d\u00f9ng \u0111\u1ec3 \u0111\u1ef1ng \u0111\u1ed3 ch\u01a1i, s\u1ea3n ph\u1ea9m \u0111i\u1ec7n t\u1eed. Ch\u00fang gi\u00fap b\u1ea3o v\u1ec7 h\u00e0ng h\u00f3a kh\u1ecfi h\u01b0 h\u1ea1i v\u00e0 \u0111\u1ea3m b\u1ea3o an to\u00e0n trong qu\u00e1 tr\u00ecnh v\u1eadn chuy\u1ec3n qua bi\u00ean gi\u1edbi, \u0111\u01b0\u1ee3c \u0111\u00f3ng g\u00f3i r\u1ed9ng r\u00e3i nh\u01b0: &#8211; \u0110\u00f3ng g\u00f3i h\u00e0ng h\u00f3a xu\u1ea5t kh\u1ea9u:\u00a0S\u1eed d\u1ee5ng \u0111\u1ec3 \u0111\u00f3ng g\u00f3i [&hellip;]<\/p>","protected":false},"featured_media":5833,"comment_status":"open","ping_status":"closed","template":"","meta":[],"product_cat":[97],"product_tag":[],"class_list":{"0":"post-5837","1":"product","2":"type-product","3":"status-publish","4":"has-post-thumbnail","6":"product_cat-thung-carton-3-5-7-lop","8":"first","9":"instock","10":"shipping-taxable","11":"product-type-simple"},"_links":{"self":[{"href":"https:\/\/bluepacific.com.vn\/en\/wp-json\/wp\/v2\/product\/5837","targetHints":{"allow":["GET"]}}],"collection":[{"href":"https:\/\/bluepacific.com.vn\/en\/wp-json\/wp\/v2\/product"}],"about":[{"href":"https:\/\/bluepacific.com.vn\/en\/wp-json\/wp\/v2\/types\/product"}],"replies":[{"embeddable":true,"href":"https:\/\/bluepacific.com.vn\/en\/wp-json\/wp\/v2\/comments?post=5837"}],"wp:featuredmedia":[{"embeddable":true,"href":"https:\/\/bluepacific.com.vn\/en\/wp-json\/wp\/v2\/media\/5833"}],"wp:attachment":[{"href":"https:\/\/bluepacific.com.vn\/en\/wp-json\/wp\/v2\/media?parent=5837"}],"wp:term":[{"taxonomy":"product_cat","embeddable":true,"href":"https:\/\/bluepacific.com.vn\/en\/wp-json\/wp\/v2\/product_cat?post=5837"},{"taxonomy":"product_tag","embeddable":true,"href":"https:\/\/bluepacific.com.vn\/en\/wp-json\/wp\/v2\/product_tag?post=5837"}],"curies":[{"name":"wp","href":"https:\/\/api.w.org\/{rel}","templated":true}]}}