{"id":5838,"date":"2024-12-17T08:57:35","date_gmt":"2024-12-17T08:57:35","guid":{"rendered":"https:\/\/bluepacific.com.vn\/?post_type=product&#038;p=5838"},"modified":"2024-12-17T08:57:35","modified_gmt":"2024-12-17T08:57:35","slug":"thung-carton-cho-nganh-thuc-pham","status":"publish","type":"product","link":"https:\/\/bluepacific.com.vn\/en\/product\/thung-carton-cho-nganh-thuc-pham\/","title":{"rendered":"Carton boxes for the food industry"},"content":{"rendered":"<p>Carton boxes for the food industry are often used to package compact food products, such as candy and canned milk, widely packaged such as:<\/p>\n<p>- Product packaging: Used to package food products such as canned goods, candy, instant noodles, rice, fruits, and vegetables.<\/p>\n<p>- Food preservation: Helps preserve fresh and frozen food, limiting the penetration of bacteria and insects.<\/p>\n<p>- Food transportation: Used to transport food long distances, ensuring the product reaches consumers intact.<\/p>","protected":false},"excerpt":{"rendered":"<p>Th\u00f9ng carton cho ng\u00e0nh th\u1ef1c ph\u1ea9m th\u01b0\u1eddng \u0111\u01b0\u1ee3c s\u1eed d\u1ee5ng \u0111\u1ec3 \u0111\u00f3ng g\u00f3i s\u1ea3n ph\u1ea9m th\u1ef1c ph\u1ea9m nh\u1ecf g\u1ecdn, nh\u01b0 b\u00e1nh k\u1eb9o, s\u1eefa \u0111\u00f3ng h\u1ed9p, \u0111\u01b0\u1ee3c \u0111\u00f3ng g\u00f3i r\u1ed9ng r\u00e3i nh\u01b0: &#8211; \u0110\u00f3ng g\u00f3i s\u1ea3n ph\u1ea9m:\u00a0S\u1eed d\u1ee5ng \u0111\u1ec3 \u0111\u00f3ng g\u00f3i c\u00e1c s\u1ea3n ph\u1ea9m th\u1ef1c ph\u1ea9m nh\u01b0 \u0111\u1ed3 h\u1ed9p, b\u00e1nh k\u1eb9o, m\u00ec g\u00f3i, g\u1ea1o, tr\u00e1i c\u00e2y, [&hellip;]<\/p>","protected":false},"featured_media":5832,"comment_status":"open","ping_status":"closed","template":"","meta":[],"product_cat":[97],"product_tag":[],"class_list":{"0":"post-5838","1":"product","2":"type-product","3":"status-publish","4":"has-post-thumbnail","6":"product_cat-thung-carton-3-5-7-lop","8":"first","9":"instock","10":"shipping-taxable","11":"product-type-simple"},"_links":{"self":[{"href":"https:\/\/bluepacific.com.vn\/en\/wp-json\/wp\/v2\/product\/5838","targetHints":{"allow":["GET"]}}],"collection":[{"href":"https:\/\/bluepacific.com.vn\/en\/wp-json\/wp\/v2\/product"}],"about":[{"href":"https:\/\/bluepacific.com.vn\/en\/wp-json\/wp\/v2\/types\/product"}],"replies":[{"embeddable":true,"href":"https:\/\/bluepacific.com.vn\/en\/wp-json\/wp\/v2\/comments?post=5838"}],"wp:featuredmedia":[{"embeddable":true,"href":"https:\/\/bluepacific.com.vn\/en\/wp-json\/wp\/v2\/media\/5832"}],"wp:attachment":[{"href":"https:\/\/bluepacific.com.vn\/en\/wp-json\/wp\/v2\/media?parent=5838"}],"wp:term":[{"taxonomy":"product_cat","embeddable":true,"href":"https:\/\/bluepacific.com.vn\/en\/wp-json\/wp\/v2\/product_cat?post=5838"},{"taxonomy":"product_tag","embeddable":true,"href":"https:\/\/bluepacific.com.vn\/en\/wp-json\/wp\/v2\/product_tag?post=5838"}],"curies":[{"name":"wp","href":"https:\/\/api.w.org\/{rel}","templated":true}]}}